{"id":2523,"date":"2021-06-24T00:09:42","date_gmt":"2021-06-24T00:09:42","guid":{"rendered":"https:\/\/alibibarn.ca\/venue-details\/"},"modified":"2021-08-20T21:53:35","modified_gmt":"2021-08-20T21:53:35","slug":"details-sur-le-site","status":"publish","type":"page","link":"https:\/\/alibibarn.ca\/fr\/details-sur-le-site\/","title":{"rendered":"D\u00e9tails sur le site"},"content":{"rendered":"<div class=\"fusion-fullwidth fullwidth-box fusion-builder-row-1 fusion-flex-container nonhundred-percent-fullwidth non-hundred-percent-height-scrolling\" style=\"--awb-border-radius-top-left:0px;--awb-border-radius-top-right:0px;--awb-border-radius-bottom-right:0px;--awb-border-radius-bottom-left:0px;--awb-flex-wrap:wrap;\" ><div class=\"fusion-builder-row fusion-row fusion-flex-align-items-flex-start fusion-flex-content-wrap\" style=\"max-width:1216.8px;margin-left: calc(-4% \/ 2 );margin-right: calc(-4% \/ 2 );\"><div class=\"fusion-layout-column fusion_builder_column fusion-builder-column-0 fusion_builder_column_1_1 1_1 fusion-flex-column\" style=\"--awb-bg-size:cover;--awb-width-large:100%;--awb-margin-top-large:0px;--awb-spacing-right-large:1.92%;--awb-margin-bottom-large:20px;--awb-spacing-left-large:1.92%;--awb-width-medium:100%;--awb-order-medium:0;--awb-spacing-right-medium:1.92%;--awb-spacing-left-medium:1.92%;--awb-width-small:100%;--awb-order-small:0;--awb-spacing-right-small:1.92%;--awb-spacing-left-small:1.92%;\"><div class=\"fusion-column-wrapper fusion-column-has-shadow fusion-flex-justify-content-flex-start fusion-content-layout-column\"><div class=\"fusion-title title fusion-title-1 fusion-title-text fusion-title-size-one\" style=\"--awb-margin-top-small:0px;--awb-margin-right-small:0px;--awb-margin-bottom-small:20px;--awb-margin-left-small:0px;\"><div class=\"title-sep-container title-sep-container-left fusion-no-large-visibility fusion-no-medium-visibility fusion-no-small-visibility\"><div class=\"title-sep sep- sep-solid\" style=\"border-color:#e0dede;\"><\/div><\/div><span class=\"awb-title-spacer fusion-no-large-visibility fusion-no-medium-visibility fusion-no-small-visibility\"><\/span><h1 class=\"fusion-title-heading title-heading-left fusion-responsive-typography-calculated\" style=\"margin:0;--fontSize:46;line-height:1.11;\"><h1>Locations<\/h1><\/h1><span class=\"awb-title-spacer\"><\/span><div class=\"title-sep-container title-sep-container-right\"><div class=\"title-sep sep- sep-solid\" style=\"border-color:#e0dede;\"><\/div><\/div><\/div><div class=\"fusion-text fusion-text-1\"><p>Les locations pour les \u00e9v\u00e8nements priv\u00e9s comprennent l\u2019utilisation compl\u00e8te de la grange, \u00e0 l\u2019int\u00e9rieur et \u00e0 l\u2019ext\u00e9rieur, ainsi que l\u2019utilisation des bars mobiles, l\u2019acc\u00e8s au stationnement public gratuit \u00e0 proximit\u00e9, le nettoyage et d\u2019autres caract\u00e9ristiques compl\u00e9mentaires!<\/p>\n<p>N\u2019oubliez pas de pr\u00e9voir du temps pour la pr\u00e9paration de votre propre \u00e9v\u00e8nement et pour ramasser ou nettoyer lors de la r\u00e9servation de votre location, puisqu\u2019aucun temps suppl\u00e9mentaire n\u2019est accord\u00e9 pour l\u2019acc\u00e8s aux traiteurs, le d\u00e9chargement, le nettoyage, etc. Il n\u2019y a aucun rabais pour une utilisation partielle.<\/p>\n<p>Nous avons un partenariat avec C\u00e9l\u00e9brations et Gervais afin d\u2019\u00eatre en mesure de r\u00e9pondre \u00e0 tous vos besoins sp\u00e9cifiques de location, comme les tables, les chaises, les nappes, les tentes, etc.<\/p>\n<\/div><div class=\"fusion-separator fusion-full-width-sep\" style=\"align-self: center;margin-left: auto;margin-right: auto;width:100%;\"><\/div><div class=\"fusion-separator\" style=\"align-self: flex-start;margin-right:auto;margin-top:20px;margin-bottom:20px;width:100%;max-width:70px;\"><div class=\"fusion-separator-border sep-single sep-solid\" style=\"--awb-height:20px;--awb-amount:20px;--awb-sep-color:#cbaa5c;border-color:#cbaa5c;border-top-width:1px;\"><\/div><\/div><div class=\"fusion-text fusion-text-2\"><p><strong><em>Ce qui n\u2019est pas inclus&#8230;.<\/em><\/strong><\/p>\n<ul>\n<li>Nappes<\/li>\n<li>Coutellerie, vaisselle, verrerie, batterie de cuisine quelconque<\/li>\n<li>Services de traiteur &#8211; Main Kitchen<\/li>\n<li>Services de bar &#8211; Alibi Lounge<\/li>\n<li>Planification et coordination d\u2019\u00e9v\u00e8nement &#8211; \u00e0 votre discr\u00e9tion &#8211; Ou l\u2019\u00e9quipe des \u00e9v\u00e8nements de l\u2019Alibi Barn &#8211; Deka Events<\/li>\n<li>Tout autre \u00e9quipement ou service qui n\u2019est pas mentionn\u00e9 plus haut<\/li>\n<\/ul>\n<\/div><div class=\"fusion-separator\" style=\"align-self: flex-start;margin-right:auto;margin-top:20px;margin-bottom:20px;width:100%;max-width:70px;\"><div class=\"fusion-separator-border sep-single sep-solid\" style=\"--awb-height:20px;--awb-amount:20px;--awb-sep-color:#cbaa5c;border-color:#cbaa5c;border-top-width:1px;\"><\/div><\/div><div class=\"fusion-section-separator section-separator horizon fusion-section-separator-1\" style=\"--awb-spacer-padding-top:17.3828125%;--awb-svg-margin-left:1.92%;--awb-svg-margin-right:1.92%;--awb-svg-margin-left-medium:1.92%;--awb-svg-margin-right-medium:1.92%;--awb-svg-margin-left-small:1.92%;--awb-svg-margin-right-small:1.92%;--awb-sep-font-size:0;--awb-sep-line-height:0;\"><div class=\"fusion-section-separator-svg\"><svg class=\"fusion-horizon-candy\" xmlns=\"http:\/\/www.w3.org\/2000\/svg\" version=\"1.1\" width=\"100%\" viewBox=\"0 -0.5 1024 178\" preserveAspectRatio=\"none\" fill=\"rgba(249,249,251,1)\"><path class=\"st0\" d=\"M1024 177.371H0V.219l507.699 133.939L1024 .219v177.152z\"\/>\n\t\t\t\t\t\t\t\t\t<path class=\"st1\" d=\"M1024 177.781H0V39.438l507.699 94.925L1024 39.438v138.343z\"\/>\n\t\t\t\t\t\t\t\t\t<path class=\"st2\" d=\"M1024 177.781H0v-67.892l507.699 24.474L1024 109.889v67.892z\"\/>\n\t\t\t\t\t\t\t\t\t<path class=\"st3\" d=\"M1024 177.781H0v-3.891l507.699-39.526L1024 173.889v3.892z\"\/>\n\t\t\t\t\t\t\t\t<\/svg><\/div><div class=\"fusion-section-separator-spacer\"><div class=\"fusion-section-separator-spacer-height\"><\/div><\/div><\/div><\/div><\/div><\/div><\/div>\n","protected":false},"excerpt":{"rendered":"","protected":false},"author":1,"featured_media":0,"parent":0,"menu_order":0,"comment_status":"closed","ping_status":"closed","template":"","meta":{"_coblocks_attr":"","_coblocks_dimensions":"","_coblocks_responsive_height":"","_coblocks_accordion_ie_support":"","footnotes":""},"class_list":["post-2523","page","type-page","status-publish","hentry"],"yoast_head":"<!-- This site is optimized with the Yoast SEO plugin v27.5 - https:\/\/yoast.com\/product\/yoast-seo-wordpress\/ -->\n<title>D\u00e9tails sur le site - Alibi Barn<\/title>\n<meta name=\"robots\" content=\"index, follow, max-snippet:-1, max-image-preview:large, max-video-preview:-1\" \/>\n<link rel=\"canonical\" href=\"https:\/\/alibibarn.ca\/fr\/details-sur-le-site\/\" \/>\n<meta property=\"og:locale\" content=\"fr_FR\" \/>\n<meta property=\"og:type\" content=\"article\" \/>\n<meta property=\"og:title\" content=\"D\u00e9tails sur le site - Alibi Barn\" \/>\n<meta property=\"og:url\" content=\"https:\/\/alibibarn.ca\/fr\/details-sur-le-site\/\" \/>\n<meta property=\"og:site_name\" content=\"Alibi Barn\" \/>\n<meta property=\"article:modified_time\" content=\"2021-08-20T21:53:35+00:00\" \/>\n<meta name=\"twitter:card\" content=\"summary_large_image\" \/>\n<meta name=\"twitter:label1\" content=\"Dur\u00e9e de lecture estim\u00e9e\" \/>\n\t<meta name=\"twitter:data1\" content=\"5 minutes\" \/>\n<script type=\"application\/ld+json\" class=\"yoast-schema-graph\">{\"@context\":\"https:\\\/\\\/schema.org\",\"@graph\":[{\"@type\":\"WebPage\",\"@id\":\"https:\\\/\\\/alibibarn.ca\\\/fr\\\/details-sur-le-site\\\/\",\"url\":\"https:\\\/\\\/alibibarn.ca\\\/fr\\\/details-sur-le-site\\\/\",\"name\":\"D\u00e9tails sur le site - Alibi Barn\",\"isPartOf\":{\"@id\":\"https:\\\/\\\/alibibarn.ca\\\/#website\"},\"datePublished\":\"2021-06-24T00:09:42+00:00\",\"dateModified\":\"2021-08-20T21:53:35+00:00\",\"breadcrumb\":{\"@id\":\"https:\\\/\\\/alibibarn.ca\\\/fr\\\/details-sur-le-site\\\/#breadcrumb\"},\"inLanguage\":\"fr-FR\",\"potentialAction\":[{\"@type\":\"ReadAction\",\"target\":[\"https:\\\/\\\/alibibarn.ca\\\/fr\\\/details-sur-le-site\\\/\"]}]},{\"@type\":\"BreadcrumbList\",\"@id\":\"https:\\\/\\\/alibibarn.ca\\\/fr\\\/details-sur-le-site\\\/#breadcrumb\",\"itemListElement\":[{\"@type\":\"ListItem\",\"position\":1,\"name\":\"Home\",\"item\":\"https:\\\/\\\/alibibarn.ca\\\/fr\\\/home\\\/\"},{\"@type\":\"ListItem\",\"position\":2,\"name\":\"D\u00e9tails sur le site\"}]},{\"@type\":\"WebSite\",\"@id\":\"https:\\\/\\\/alibibarn.ca\\\/#website\",\"url\":\"https:\\\/\\\/alibibarn.ca\\\/\",\"name\":\"Alibi Barn\",\"description\":\"Just another Website Girl Site\",\"potentialAction\":[{\"@type\":\"SearchAction\",\"target\":{\"@type\":\"EntryPoint\",\"urlTemplate\":\"https:\\\/\\\/alibibarn.ca\\\/?s={search_term_string}\"},\"query-input\":{\"@type\":\"PropertyValueSpecification\",\"valueRequired\":true,\"valueName\":\"search_term_string\"}}],\"inLanguage\":\"fr-FR\"}]}<\/script>\n<!-- \/ Yoast SEO plugin. -->","yoast_head_json":{"title":"D\u00e9tails sur le site - Alibi Barn","robots":{"index":"index","follow":"follow","max-snippet":"max-snippet:-1","max-image-preview":"max-image-preview:large","max-video-preview":"max-video-preview:-1"},"canonical":"https:\/\/alibibarn.ca\/fr\/details-sur-le-site\/","og_locale":"fr_FR","og_type":"article","og_title":"D\u00e9tails sur le site - Alibi Barn","og_url":"https:\/\/alibibarn.ca\/fr\/details-sur-le-site\/","og_site_name":"Alibi Barn","article_modified_time":"2021-08-20T21:53:35+00:00","twitter_card":"summary_large_image","twitter_misc":{"Dur\u00e9e de lecture estim\u00e9e":"5 minutes"},"schema":{"@context":"https:\/\/schema.org","@graph":[{"@type":"WebPage","@id":"https:\/\/alibibarn.ca\/fr\/details-sur-le-site\/","url":"https:\/\/alibibarn.ca\/fr\/details-sur-le-site\/","name":"D\u00e9tails sur le site - Alibi Barn","isPartOf":{"@id":"https:\/\/alibibarn.ca\/#website"},"datePublished":"2021-06-24T00:09:42+00:00","dateModified":"2021-08-20T21:53:35+00:00","breadcrumb":{"@id":"https:\/\/alibibarn.ca\/fr\/details-sur-le-site\/#breadcrumb"},"inLanguage":"fr-FR","potentialAction":[{"@type":"ReadAction","target":["https:\/\/alibibarn.ca\/fr\/details-sur-le-site\/"]}]},{"@type":"BreadcrumbList","@id":"https:\/\/alibibarn.ca\/fr\/details-sur-le-site\/#breadcrumb","itemListElement":[{"@type":"ListItem","position":1,"name":"Home","item":"https:\/\/alibibarn.ca\/fr\/home\/"},{"@type":"ListItem","position":2,"name":"D\u00e9tails sur le site"}]},{"@type":"WebSite","@id":"https:\/\/alibibarn.ca\/#website","url":"https:\/\/alibibarn.ca\/","name":"Alibi Barn","description":"Just another Website Girl Site","potentialAction":[{"@type":"SearchAction","target":{"@type":"EntryPoint","urlTemplate":"https:\/\/alibibarn.ca\/?s={search_term_string}"},"query-input":{"@type":"PropertyValueSpecification","valueRequired":true,"valueName":"search_term_string"}}],"inLanguage":"fr-FR"}]}},"_links":{"self":[{"href":"https:\/\/alibibarn.ca\/fr\/wp-json\/wp\/v2\/pages\/2523","targetHints":{"allow":["GET"]}}],"collection":[{"href":"https:\/\/alibibarn.ca\/fr\/wp-json\/wp\/v2\/pages"}],"about":[{"href":"https:\/\/alibibarn.ca\/fr\/wp-json\/wp\/v2\/types\/page"}],"author":[{"embeddable":true,"href":"https:\/\/alibibarn.ca\/fr\/wp-json\/wp\/v2\/users\/1"}],"replies":[{"embeddable":true,"href":"https:\/\/alibibarn.ca\/fr\/wp-json\/wp\/v2\/comments?post=2523"}],"version-history":[{"count":10,"href":"https:\/\/alibibarn.ca\/fr\/wp-json\/wp\/v2\/pages\/2523\/revisions"}],"predecessor-version":[{"id":2588,"href":"https:\/\/alibibarn.ca\/fr\/wp-json\/wp\/v2\/pages\/2523\/revisions\/2588"}],"wp:attachment":[{"href":"https:\/\/alibibarn.ca\/fr\/wp-json\/wp\/v2\/media?parent=2523"}],"curies":[{"name":"wp","href":"https:\/\/api.w.org\/{rel}","templated":true}]}}