{"id":2496,"date":"2021-06-23T12:15:21","date_gmt":"2021-06-23T12:15:21","guid":{"rendered":"https:\/\/alibibarn.ca\/about\/"},"modified":"2021-08-22T17:00:21","modified_gmt":"2021-08-22T17:00:21","slug":"about","status":"publish","type":"page","link":"https:\/\/alibibarn.ca\/fr\/about\/","title":{"rendered":"\u00c0 propos"},"content":{"rendered":"<p><div class=\"fusion-fullwidth fullwidth-box fusion-builder-row-1 fusion-flex-container nonhundred-percent-fullwidth non-hundred-percent-height-scrolling\" style=\"--awb-border-radius-top-left:0px;--awb-border-radius-top-right:0px;--awb-border-radius-bottom-right:0px;--awb-border-radius-bottom-left:0px;--awb-flex-wrap:wrap;\" ><div class=\"fusion-builder-row fusion-row fusion-flex-align-items-flex-start fusion-flex-content-wrap\" style=\"max-width:1216.8px;margin-left: calc(-4% \/ 2 );margin-right: calc(-4% \/ 2 );\"><div class=\"fusion-layout-column fusion_builder_column fusion-builder-column-0 fusion_builder_column_1_1 1_1 fusion-flex-column\" style=\"--awb-bg-size:cover;--awb-width-large:100%;--awb-margin-top-large:0px;--awb-spacing-right-large:1.92%;--awb-margin-bottom-large:20px;--awb-spacing-left-large:1.92%;--awb-width-medium:100%;--awb-order-medium:0;--awb-spacing-right-medium:1.92%;--awb-spacing-left-medium:1.92%;--awb-width-small:100%;--awb-order-small:0;--awb-spacing-right-small:1.92%;--awb-spacing-left-small:1.92%;\"><div class=\"fusion-column-wrapper fusion-column-has-shadow fusion-flex-justify-content-flex-start fusion-content-layout-column\"><div class=\"fusion-title title fusion-title-1 fusion-title-text fusion-title-size-three\" style=\"--awb-margin-top-small:0px;--awb-margin-right-small:0px;--awb-margin-bottom-small:20px;--awb-margin-left-small:0px;\"><div class=\"title-sep-container title-sep-container-left fusion-no-large-visibility fusion-no-medium-visibility fusion-no-small-visibility\"><div class=\"title-sep sep- sep-solid\" style=\"border-color:#e0dede;\"><\/div><\/div><span class=\"awb-title-spacer fusion-no-large-visibility fusion-no-medium-visibility fusion-no-small-visibility\"><\/span><h3 class=\"fusion-title-heading title-heading-left fusion-responsive-typography-calculated\" style=\"margin:0;--fontSize:24;line-height:1.67;\">\u00c0 propos de l\u2019Alibi Barn<\/p>\r\n<p>\u00a0<\/h3><span class=\"awb-title-spacer\"><\/span><div class=\"title-sep-container title-sep-container-right\"><div class=\"title-sep sep- sep-solid\" style=\"border-color:#e0dede;\"><\/div><\/div><\/div><\/div><\/div><\/div><\/div><div class=\"fusion-fullwidth fullwidth-box fusion-builder-row-2 fusion-flex-container nonhundred-percent-fullwidth non-hundred-percent-height-scrolling\" style=\"--awb-border-radius-top-left:0px;--awb-border-radius-top-right:0px;--awb-border-radius-bottom-right:0px;--awb-border-radius-bottom-left:0px;--awb-flex-wrap:wrap;\" ><div class=\"fusion-builder-row fusion-row fusion-flex-align-items-flex-start fusion-flex-content-wrap\" style=\"max-width:1216.8px;margin-left: calc(-4% \/ 2 );margin-right: calc(-4% \/ 2 );\"><div class=\"fusion-layout-column fusion_builder_column fusion-builder-column-1 fusion_builder_column_1_2 1_2 fusion-flex-column\" style=\"--awb-bg-size:cover;--awb-width-large:50%;--awb-margin-top-large:0px;--awb-spacing-right-large:5.76%;--awb-margin-bottom-large:0px;--awb-spacing-left-large:3.84%;--awb-width-medium:100%;--awb-spacing-right-medium:1.92%;--awb-spacing-left-medium:1.92%;--awb-width-small:100%;--awb-spacing-right-small:1.92%;--awb-spacing-left-small:1.92%;\"><div class=\"fusion-column-wrapper fusion-flex-justify-content-flex-start fusion-content-layout-column\"><div class=\"fusion-text fusion-text-1\"><\/p>\n<p style=\"text-align: left;\">L\u2019\u00e9difice Leggs a \u00e9t\u00e9 construit en 1905. La date exacte de construction de la grange demeure un myst\u00e8re, mais lorsque son propri\u00e9taire actuel, Alex Mate a achet\u00e9 la b\u00e2tisse principale et la grange, il a tout de suite \u00e9t\u00e9 charm\u00e9 par son c\u00f4t\u00e9 rustique et l\u2019\u00e9norme potentiel de cet espace dont l\u2019utilisation n\u2019\u00e9tait pas optimis\u00e9e.<\/p>\n<p style=\"text-align: left;\">Alex a d\u00e9cid\u00e9 de r\u00e9nover la grange afin d\u2019y cr\u00e9er un espace o\u00f9 nous pourrions organiser des \u00e9v\u00e8nements priv\u00e9s et le projet a grandi pour devenir ce qu\u2019il est aujourd\u2019hui : un espace charmant et rustique, nich\u00e9 au c\u0153ur du centre-ville de Hudson.<\/p>\n<blockquote>\n<p>\u00ab\u2009Je suis tr\u00e8s fier des efforts que j\u2019ai d\u00e9ploy\u00e9s dans cet espace et nous esp\u00e9rons que vous l\u2019appr\u00e9cierez autant que moi.\u2009\u00bb<\/p>\n<p style=\"text-align: left;\"><em>Alex Mate<\/em><\/p>\n<\/blockquote>\n<p>&nbsp;<\/p>\n<\/p>\n<p>&nbsp;<\/p>\n<\/div><\/div><\/div><div class=\"fusion-layout-column fusion_builder_column fusion-builder-column-2 fusion_builder_column_1_2 1_2 fusion-flex-column\" style=\"--awb-bg-size:cover;--awb-width-large:50%;--awb-margin-top-large:0px;--awb-spacing-right-large:3.84%;--awb-margin-bottom-large:0px;--awb-spacing-left-large:1.92%;--awb-width-medium:100%;--awb-spacing-right-medium:1.92%;--awb-spacing-left-medium:1.92%;--awb-width-small:100%;--awb-spacing-right-small:1.92%;--awb-spacing-left-small:1.92%;\"><div class=\"fusion-column-wrapper fusion-flex-justify-content-flex-start fusion-content-layout-column\"><div class=\"fusion-image-element \" style=\"text-align:center;--awb-caption-title-font-family:var(--h2_typography-font-family);--awb-caption-title-font-weight:var(--h2_typography-font-weight);--awb-caption-title-font-style:var(--h2_typography-font-style);--awb-caption-title-size:var(--h2_typography-font-size);--awb-caption-title-transform:var(--h2_typography-text-transform);--awb-caption-title-line-height:var(--h2_typography-line-height);--awb-caption-title-letter-spacing:var(--h2_typography-letter-spacing);--awb-filter:sepia(12%);--awb-filter-transition:filter 0.3s ease;--awb-filter-hover:sepia(0%);\"><span class=\" fusion-imageframe imageframe-dropshadow imageframe-1 hover-type-none\" style=\"-webkit-box-shadow: 3px 3px 7px rgba(0,0,0,0.3);box-shadow: 3px 3px 7px rgba(0,0,0,0.3);\"><img decoding=\"async\" width=\"1080\" height=\"612\" title=\"Alex Mate propri\u00e9taire d&rsquo;Alex Barn\" src=\"https:\/\/alibibarn.ca\/wp-content\/uploads\/2021\/07\/Alex-Barn.jpg\" data-orig-src=\"https:\/\/alibibarn.ca\/wp-content\/uploads\/2021\/07\/Alex-Barn.jpg\" alt class=\"lazyload img-responsive wp-image-2460\" srcset=\"data:image\/svg+xml,%3Csvg%20xmlns%3D%27http%3A%2F%2Fwww.w3.org%2F2000%2Fsvg%27%20width%3D%271080%27%20height%3D%27612%27%20viewBox%3D%270%200%201080%20612%27%3E%3Crect%20width%3D%271080%27%20height%3D%27612%27%20fill-opacity%3D%220%22%2F%3E%3C%2Fsvg%3E\" data-srcset=\"https:\/\/alibibarn.ca\/wp-content\/uploads\/2021\/07\/Alex-Barn-200x113.jpg 200w, https:\/\/alibibarn.ca\/wp-content\/uploads\/2021\/07\/Alex-Barn-400x227.jpg 400w, https:\/\/alibibarn.ca\/wp-content\/uploads\/2021\/07\/Alex-Barn-600x340.jpg 600w, https:\/\/alibibarn.ca\/wp-content\/uploads\/2021\/07\/Alex-Barn-800x453.jpg 800w, https:\/\/alibibarn.ca\/wp-content\/uploads\/2021\/07\/Alex-Barn.jpg 1080w\" data-sizes=\"auto\" data-orig-sizes=\"(max-width: 1024px) 100vw, (max-width: 640px) 100vw, 600px\" \/><\/span><\/div><\/div><\/div><\/div><\/div><\/p>","protected":false},"excerpt":{"rendered":"","protected":false},"author":1,"featured_media":0,"parent":0,"menu_order":0,"comment_status":"closed","ping_status":"closed","template":"","meta":{"_coblocks_attr":"","_coblocks_dimensions":"","_coblocks_responsive_height":"","_coblocks_accordion_ie_support":"","footnotes":""},"class_list":["post-2496","page","type-page","status-publish","hentry"],"yoast_head":"<!-- This site is optimized with the Yoast SEO plugin v27.5 - https:\/\/yoast.com\/product\/yoast-seo-wordpress\/ -->\n<title>\u00c0 propos - Alibi Barn<\/title>\n<meta name=\"robots\" content=\"index, follow, max-snippet:-1, max-image-preview:large, max-video-preview:-1\" \/>\n<link rel=\"canonical\" href=\"https:\/\/alibibarn.ca\/fr\/about\/\" \/>\n<meta property=\"og:locale\" content=\"fr_FR\" \/>\n<meta property=\"og:type\" content=\"article\" \/>\n<meta property=\"og:title\" content=\"\u00c0 propos - Alibi Barn\" \/>\n<meta property=\"og:url\" content=\"https:\/\/alibibarn.ca\/fr\/about\/\" \/>\n<meta property=\"og:site_name\" content=\"Alibi Barn\" \/>\n<meta property=\"article:modified_time\" content=\"2021-08-22T17:00:21+00:00\" \/>\n<meta name=\"twitter:card\" content=\"summary_large_image\" \/>\n<meta name=\"twitter:label1\" content=\"Dur\u00e9e de lecture estim\u00e9e\" \/>\n\t<meta name=\"twitter:data1\" content=\"2 minutes\" \/>\n<script type=\"application\/ld+json\" class=\"yoast-schema-graph\">{\"@context\":\"https:\\\/\\\/schema.org\",\"@graph\":[{\"@type\":\"WebPage\",\"@id\":\"https:\\\/\\\/alibibarn.ca\\\/fr\\\/about\\\/\",\"url\":\"https:\\\/\\\/alibibarn.ca\\\/fr\\\/about\\\/\",\"name\":\"\u00c0 propos - Alibi Barn\",\"isPartOf\":{\"@id\":\"https:\\\/\\\/alibibarn.ca\\\/#website\"},\"datePublished\":\"2021-06-23T12:15:21+00:00\",\"dateModified\":\"2021-08-22T17:00:21+00:00\",\"breadcrumb\":{\"@id\":\"https:\\\/\\\/alibibarn.ca\\\/fr\\\/about\\\/#breadcrumb\"},\"inLanguage\":\"fr-FR\",\"potentialAction\":[{\"@type\":\"ReadAction\",\"target\":[\"https:\\\/\\\/alibibarn.ca\\\/fr\\\/about\\\/\"]}]},{\"@type\":\"BreadcrumbList\",\"@id\":\"https:\\\/\\\/alibibarn.ca\\\/fr\\\/about\\\/#breadcrumb\",\"itemListElement\":[{\"@type\":\"ListItem\",\"position\":1,\"name\":\"Home\",\"item\":\"https:\\\/\\\/alibibarn.ca\\\/fr\\\/home\\\/\"},{\"@type\":\"ListItem\",\"position\":2,\"name\":\"\u00c0 propos\"}]},{\"@type\":\"WebSite\",\"@id\":\"https:\\\/\\\/alibibarn.ca\\\/#website\",\"url\":\"https:\\\/\\\/alibibarn.ca\\\/\",\"name\":\"Alibi Barn\",\"description\":\"Just another Website Girl Site\",\"potentialAction\":[{\"@type\":\"SearchAction\",\"target\":{\"@type\":\"EntryPoint\",\"urlTemplate\":\"https:\\\/\\\/alibibarn.ca\\\/?s={search_term_string}\"},\"query-input\":{\"@type\":\"PropertyValueSpecification\",\"valueRequired\":true,\"valueName\":\"search_term_string\"}}],\"inLanguage\":\"fr-FR\"}]}<\/script>\n<!-- \/ Yoast SEO plugin. -->","yoast_head_json":{"title":"\u00c0 propos - Alibi Barn","robots":{"index":"index","follow":"follow","max-snippet":"max-snippet:-1","max-image-preview":"max-image-preview:large","max-video-preview":"max-video-preview:-1"},"canonical":"https:\/\/alibibarn.ca\/fr\/about\/","og_locale":"fr_FR","og_type":"article","og_title":"\u00c0 propos - Alibi Barn","og_url":"https:\/\/alibibarn.ca\/fr\/about\/","og_site_name":"Alibi Barn","article_modified_time":"2021-08-22T17:00:21+00:00","twitter_card":"summary_large_image","twitter_misc":{"Dur\u00e9e de lecture estim\u00e9e":"2 minutes"},"schema":{"@context":"https:\/\/schema.org","@graph":[{"@type":"WebPage","@id":"https:\/\/alibibarn.ca\/fr\/about\/","url":"https:\/\/alibibarn.ca\/fr\/about\/","name":"\u00c0 propos - Alibi Barn","isPartOf":{"@id":"https:\/\/alibibarn.ca\/#website"},"datePublished":"2021-06-23T12:15:21+00:00","dateModified":"2021-08-22T17:00:21+00:00","breadcrumb":{"@id":"https:\/\/alibibarn.ca\/fr\/about\/#breadcrumb"},"inLanguage":"fr-FR","potentialAction":[{"@type":"ReadAction","target":["https:\/\/alibibarn.ca\/fr\/about\/"]}]},{"@type":"BreadcrumbList","@id":"https:\/\/alibibarn.ca\/fr\/about\/#breadcrumb","itemListElement":[{"@type":"ListItem","position":1,"name":"Home","item":"https:\/\/alibibarn.ca\/fr\/home\/"},{"@type":"ListItem","position":2,"name":"\u00c0 propos"}]},{"@type":"WebSite","@id":"https:\/\/alibibarn.ca\/#website","url":"https:\/\/alibibarn.ca\/","name":"Alibi Barn","description":"Just another Website Girl Site","potentialAction":[{"@type":"SearchAction","target":{"@type":"EntryPoint","urlTemplate":"https:\/\/alibibarn.ca\/?s={search_term_string}"},"query-input":{"@type":"PropertyValueSpecification","valueRequired":true,"valueName":"search_term_string"}}],"inLanguage":"fr-FR"}]}},"_links":{"self":[{"href":"https:\/\/alibibarn.ca\/fr\/wp-json\/wp\/v2\/pages\/2496","targetHints":{"allow":["GET"]}}],"collection":[{"href":"https:\/\/alibibarn.ca\/fr\/wp-json\/wp\/v2\/pages"}],"about":[{"href":"https:\/\/alibibarn.ca\/fr\/wp-json\/wp\/v2\/types\/page"}],"author":[{"embeddable":true,"href":"https:\/\/alibibarn.ca\/fr\/wp-json\/wp\/v2\/users\/1"}],"replies":[{"embeddable":true,"href":"https:\/\/alibibarn.ca\/fr\/wp-json\/wp\/v2\/comments?post=2496"}],"version-history":[{"count":5,"href":"https:\/\/alibibarn.ca\/fr\/wp-json\/wp\/v2\/pages\/2496\/revisions"}],"predecessor-version":[{"id":2603,"href":"https:\/\/alibibarn.ca\/fr\/wp-json\/wp\/v2\/pages\/2496\/revisions\/2603"}],"wp:attachment":[{"href":"https:\/\/alibibarn.ca\/fr\/wp-json\/wp\/v2\/media?parent=2496"}],"curies":[{"name":"wp","href":"https:\/\/api.w.org\/{rel}","templated":true}]}}